{"id":85,"date":"2022-08-25T15:06:38","date_gmt":"2022-08-25T15:06:38","guid":{"rendered":"https:\/\/westminsterpawn.com\/vietnamese\/\/?page_id=85"},"modified":"2022-10-07T15:53:33","modified_gmt":"2022-10-07T22:53:33","slug":"contact","status":"publish","type":"page","link":"https:\/\/westminsterpawn.com\/vietnamese\/contact\/","title":{"rendered":"Contact"},"content":{"rendered":"<p>[et_pb_section fb_built=&#8221;1&#8243; _builder_version=&#8221;4.17.6&#8243; _module_preset=&#8221;default&#8221; background_color=&#8221;#f4f4f4&#8243; custom_padding=&#8221;0px||0px||true|false&#8221; global_colors_info=&#8221;{}&#8221;][et_pb_row column_structure=&#8221;1_2,1_2&#8243; use_custom_gutter=&#8221;on&#8221; gutter_width=&#8221;1&#8243; make_equal=&#8221;on&#8221; _builder_version=&#8221;4.17.6&#8243; _module_preset=&#8221;default&#8221; width=&#8221;100%&#8221; max_width=&#8221;1550px&#8221; module_alignment=&#8221;center&#8221; custom_padding=&#8221;0px||0px||false|false&#8221; global_colors_info=&#8221;{}&#8221;][et_pb_column type=&#8221;1_2&#8243; _builder_version=&#8221;4.17.6&#8243; _module_preset=&#8221;default&#8221; background_image=&#8221;https:\/\/westminsterpawn.com\/vietnamese\/\/wp-content\/uploads\/2022\/09\/Contact-Westminster-Pawn-Shop-California-Bg-img1.jpg&#8221; custom_padding=&#8221;140px||140px||true|false&#8221; global_colors_info=&#8221;{}&#8221;][et_pb_text _builder_version=&#8221;4.17.6&#8243; _module_preset=&#8221;default&#8221; global_colors_info=&#8221;{}&#8221;][\/et_pb_text][\/et_pb_column][et_pb_column type=&#8221;1_2&#8243; _builder_version=&#8221;4.17.6&#8243; _module_preset=&#8221;default&#8221; global_colors_info=&#8221;{}&#8221;][et_pb_text _builder_version=&#8221;4.17.6&#8243; _module_preset=&#8221;default&#8221; text_font=&#8221;AvenirLTStd-Roman||||||||&#8221; text_letter_spacing=&#8221;1px&#8221; text_line_height=&#8221;2em&#8221; header_font=&#8221;ZapfHumanist601BT-Roman|500|||||||&#8221; header_text_align=&#8221;center&#8221; header_font_size=&#8221;36px&#8221; header_letter_spacing=&#8221;6px&#8221; header_line_height=&#8221;1.5em&#8221; text_orientation=&#8221;center&#8221; custom_padding=&#8221;100px|40px|100px|40px|true|true&#8221; custom_padding_tablet=&#8221;100px|40px|100px|40px|true|true&#8221; custom_padding_phone=&#8221;40px|40px|40px|40px|true|true&#8221; custom_padding_last_edited=&#8221;on|phone&#8221; hover_enabled=&#8221;0&#8243; global_colors_info=&#8221;{}&#8221; sticky_enabled=&#8221;0&#8243;]<\/p>\n<h1>Li\u00ean h\u1ec7 v\u1edbi ch\u00fang t\u00f4i ngay h\u00f4m nay<\/h1>\n<p>Westminster Mega Pawn r\u1ea5t c\u1ea3m \u01a1n s\u1ef1 quan t\u00e2m c\u1ee7a qu\u00fd kh\u00e1ch \u0111\u1ed1i v\u1edbi d\u1ecbch v\u1ee5 c\u1ee7a ch\u00fang t\u00f4i. M\u1ee5c ti\u00eau c\u1ee7a ch\u00fang t\u00f4i l\u00e0 cung c\u1ea5p cho t\u1ea5t c\u1ea3 kh\u00e1ch h\u00e0ng m\u1ed9t kho\u1ea3n ti\u1ec1n nhanh ch\u00f3ng v\u00e0 gi\u00e1 c\u1ea3 h\u1ee3p l\u00fd cho c\u00e1c m\u1eb7t h\u00e0ng c\u00f3 gi\u00e1 tr\u1ecb c\u1ee7a h\u1ecd. N\u1ebfu qu\u00fd kh\u00e1ch c\u00f3 c\u00e2u h\u1ecfi, c\u1ea7n th\u00eam th\u00f4ng tin ho\u1eb7c mu\u1ed1n th\u1ea9m \u0111\u1ecbnh m\u1eb7t h\u00e0ng c\u1ee7a m\u00ecnh, vui l\u00f2ng g\u1ecdi cho ch\u00fang t\u00f4i.[\/et_pb_text][\/et_pb_column][\/et_pb_row][\/et_pb_section][et_pb_section fb_built=&#8221;1&#8243; _builder_version=&#8221;4.17.6&#8243; _module_preset=&#8221;default&#8221; global_colors_info=&#8221;{}&#8221;][et_pb_row column_structure=&#8221;1_2,1_2&#8243; _builder_version=&#8221;4.17.6&#8243; _module_preset=&#8221;default&#8221; custom_padding=&#8221;0px||0px||true|false&#8221; global_colors_info=&#8221;{}&#8221;][et_pb_column type=&#8221;1_2&#8243; _builder_version=&#8221;4.17.6&#8243; _module_preset=&#8221;default&#8221; global_colors_info=&#8221;{}&#8221;][et_pb_text _builder_version=&#8221;4.17.6&#8243; _module_preset=&#8221;default&#8221; text_letter_spacing=&#8221;1px&#8221; header_2_font=&#8221;ZapfHumanist601BT-Roman|600|||||||&#8221; header_2_text_color=&#8221;#444444&#8243; header_2_letter_spacing=&#8221;5px&#8221; header_2_line_height=&#8221;1.5em&#8221; hover_enabled=&#8221;0&#8243; global_colors_info=&#8221;{}&#8221; sticky_enabled=&#8221;0&#8243;]<\/p>\n<h2>M\u1eabu Li\u00ean H\u1ec7<\/h2>\n<p>Ch\u00fang t\u00f4i lu\u00f4n l\u1eafng nghe t\u1eeb b\u1ea1n. Vui l\u00f2ng g\u1eedi tin nh\u1eafn cho ch\u00fang t\u00f4i b\u1eb1ng c\u00e1ch \u0111i\u1ec1n v\u00e0o bi\u1ec3u m\u1eabu b\u00ean d\u01b0\u1edbi v\u00e0 ch\u00fang t\u00f4i s\u1ebd li\u00ean h\u1ec7 l\u1ea1i v\u1edbi b\u1ea1n trong th\u1eddi gian s\u1edbm nh\u1ea5t.[\/et_pb_text][et_pb_text _builder_version=&#8221;4.17.6&#8243; _module_preset=&#8221;default&#8221; text_font=&#8221;AvenirLTStd-Roman||||||||&#8221; text_letter_spacing=&#8221;1px&#8221; header_2_font=&#8221;|600|||||||&#8221; header_2_text_color=&#8221;#444444&#8243; header_2_letter_spacing=&#8221;5px&#8221; header_2_line_height=&#8221;1.5em&#8221; hover_enabled=&#8221;0&#8243; global_colors_info=&#8221;{}&#8221; sticky_enabled=&#8221;0&#8243;]<\/p>\n<p><iframe src=\"https:\/\/tx.localmsgr.com\/widget\/form\/9Kmirrxdn7onAcOmY18V\" style=\"border: none; width: 100%; height: 500px;\" scrolling=\"no\" id=\"9Kmirrxdn7onAcOmY18V\"><\/iframe><\/p>\n<p>[\/et_pb_text][\/et_pb_column][et_pb_column type=&#8221;1_2&#8243; _builder_version=&#8221;4.17.6&#8243; _module_preset=&#8221;default&#8221; global_colors_info=&#8221;{}&#8221;][et_pb_text _builder_version=&#8221;4.17.6&#8243; _module_preset=&#8221;default&#8221; text_letter_spacing=&#8221;1px&#8221; header_2_font=&#8221;|600|||||||&#8221; header_2_text_color=&#8221;#444444&#8243; header_2_letter_spacing=&#8221;5px&#8221; header_2_line_height=&#8221;1.5em&#8221; hover_enabled=&#8221;0&#8243; global_colors_info=&#8221;{}&#8221; sticky_enabled=&#8221;0&#8243;]<\/p>\n<h2>\u0110\u1ecba ch\u1ec9<\/h2>\n<p>[\/et_pb_text][et_pb_divider color=&#8221;#E09900&#8243; divider_weight=&#8221;2px&#8221; _builder_version=&#8221;4.17.6&#8243; _module_preset=&#8221;default&#8221; custom_margin=&#8221;-30px||||false|false&#8221; global_colors_info=&#8221;{}&#8221;][\/et_pb_divider][et_pb_image src=&#8221;https:\/\/westminsterpawn.com\/vietnamese\/\/wp-content\/uploads\/2022\/09\/5-star-rating-pawn-shop-in-Westminster-ca-img1.png&#8221; title_text=&#8221;5-star-rating-pawn-shop-in-Westminster-ca-img1&#8243; _builder_version=&#8221;4.17.6&#8243; _module_preset=&#8221;default&#8221; width=&#8221;60%&#8221; custom_margin=&#8221;-40px||||false|false&#8221; global_colors_info=&#8221;{}&#8221;][\/et_pb_image][et_pb_text _builder_version=&#8221;4.17.6&#8243; _module_preset=&#8221;default&#8221; text_font_size=&#8221;18px&#8221; text_letter_spacing=&#8221;3px&#8221; text_line_height=&#8221;2em&#8221; header_3_font=&#8221;||||||||&#8221; header_3_text_color=&#8221;#0C71C3&#8243; header_3_letter_spacing=&#8221;2px&#8221; header_3_line_height=&#8221;1.5em&#8221; custom_margin=&#8221;-13px||||false|false&#8221; global_colors_info=&#8221;{}&#8221;]<\/p>\n<h3>Westminster Mega Pawn<\/h3>\n<p>7095 Westminster Blvd<br \/>\nWestminster, CA 92683,[\/et_pb_text][et_pb_text _builder_version=&#8221;4.17.6&#8243; _module_preset=&#8221;default&#8221; text_font_size=&#8221;18px&#8221; text_letter_spacing=&#8221;3px&#8221; text_line_height=&#8221;2em&#8221; header_3_font=&#8221;||||||||&#8221; header_3_text_color=&#8221;#0C71C3&#8243; header_3_letter_spacing=&#8221;2px&#8221; header_3_line_height=&#8221;1.5em&#8221; global_colors_info=&#8221;{}&#8221;]<\/p>\n<h3><span style=\"color: #000;\">Tel:<\/span> <a href=\"tel:714-893-0555\">714-893-0555<\/a><\/h3>\n<p>[\/et_pb_text][et_pb_text _builder_version=&#8221;4.17.6&#8243; _module_preset=&#8221;default&#8221; text_font_size=&#8221;18px&#8221; text_letter_spacing=&#8221;3px&#8221; text_line_height=&#8221;2em&#8221; header_3_font=&#8221;||||||||&#8221; header_3_text_color=&#8221;#0C71C3&#8243; header_3_letter_spacing=&#8221;2px&#8221; header_3_line_height=&#8221;1.5em&#8221; global_colors_info=&#8221;{}&#8221;]<\/p>\n<h3><span style=\"color: #000;\">Email:<\/span> <a href=\"mailto:info@westminsterpawn.com\">info@westminsterpawn.com<\/a><\/h3>\n<p>[\/et_pb_text][et_pb_text _builder_version=&#8221;4.17.6&#8243; _module_preset=&#8221;default&#8221; text_font=&#8221;AvenirLTStd-Roman||||||||&#8221; text_font_size=&#8221;18px&#8221; text_letter_spacing=&#8221;3px&#8221; text_line_height=&#8221;2em&#8221; header_3_font=&#8221;||||||||&#8221; header_3_text_color=&#8221;#0C71C3&#8243; header_3_letter_spacing=&#8221;2px&#8221; header_3_line_height=&#8221;1.5em&#8221; hover_enabled=&#8221;0&#8243; text_font_size_tablet=&#8221;18px&#8221; text_font_size_phone=&#8221;16px&#8221; text_font_size_last_edited=&#8221;on|phone&#8221; text_letter_spacing_tablet=&#8221;3px&#8221; text_letter_spacing_phone=&#8221;2px&#8221; text_letter_spacing_last_edited=&#8221;on|phone&#8221; global_colors_info=&#8221;{}&#8221; sticky_enabled=&#8221;0&#8243;]<\/p>\n<h3>Gi\u1edd L\u00e0m Vi\u1ec7c<\/h3>\n<p>Th\u1ee9 Hai \u2013 Th\u1ee9 B\u1ea3y: 9 gi\u1edd s\u00e1ng \u2013 6 gi\u1edd chi\u1ec1u<br \/>\nCh\u1ee7 nh\u1eadt: \u0110\u00f3ng c\u1eeda[\/et_pb_text][\/et_pb_column][\/et_pb_row][\/et_pb_section][et_pb_section fb_built=&#8221;1&#8243; _builder_version=&#8221;4.17.6&#8243; _module_preset=&#8221;default&#8221; background_color=&#8221;#004fb7&#8243; global_module=&#8221;370&#8243; saved_tabs=&#8221;all&#8221; global_colors_info=&#8221;{}&#8221;][et_pb_row column_structure=&#8221;1_4,1_4,1_2&#8243; use_custom_gutter=&#8221;on&#8221; gutter_width=&#8221;2&#8243; custom_padding_last_edited=&#8221;on|phone&#8221; _builder_version=&#8221;4.17.6&#8243; _module_preset=&#8221;default&#8221; width=&#8221;90%&#8221; max_width=&#8221;1350px&#8221; custom_padding=&#8221;||0px||false|false&#8221; custom_padding_tablet=&#8221;&#8221; custom_padding_phone=&#8221;0px||0px||false|false&#8221; global_colors_info=&#8221;{}&#8221;][et_pb_column type=&#8221;1_4&#8243; _builder_version=&#8221;4.17.6&#8243; _module_preset=&#8221;default&#8221; global_colors_info=&#8221;{}&#8221;][et_pb_text _builder_version=&#8221;4.17.6&#8243; _module_preset=&#8221;default&#8221; text_font=&#8221;AvenirLTStd-Roman||||||||&#8221; link_font=&#8221;AvenirLTStd-Roman||||||||&#8221; link_text_color=&#8221;#FFFFFF&#8221; link_font_size=&#8221;16px&#8221; link_letter_spacing=&#8221;1px&#8221; link_line_height=&#8221;2em&#8221; ul_font=&#8221;Acme||||||||&#8221; ul_font_size=&#8221;16px&#8221; ul_letter_spacing=&#8221;2px&#8221; ul_line_height=&#8221;2.6em&#8221; header_3_font=&#8221;ZapfHumanist601BT-Roman|700|||||||&#8221; header_3_text_color=&#8221;#EDF000&#8243; header_3_letter_spacing=&#8221;2px&#8221; header_3_line_height=&#8221;1.5em&#8221; background_layout=&#8221;dark&#8221; global_colors_info=&#8221;{}&#8221;]<\/p>\n<h3>Nh\u1eefng th\u00e0nh ph\u1ed1 ch\u00fang t\u00f4i ph\u1ee5c v\u1ee5<\/h3>\n<ul style=\"list-style-type: none; padding: 0px;\">\n<li><a href=\"#\"> Westminster<\/a><\/li>\n<li><a href=\"#\"> Stanton<\/a><\/li>\n<li><a href=\"#\"> Cypress<\/a><\/li>\n<li><a href=\"#\"> Seal Beach<\/a><\/li>\n<li><a href=\"#\"> Huntington Beach<\/a><\/li>\n<li><a href=\"#\"> Anaheim<\/a><\/li>\n<li><a href=\"#\"> Long Beach<\/a><\/li>\n<\/ul>\n<p>[\/et_pb_text][et_pb_menu menu_id=&#8221;15&#8243; active_link_color=&#8221;#ffffff&#8221; dropdown_menu_text_color=&#8221;#000000&#8243; module_class=&#8221;lwp-hide-mobile-menu&#8221; _builder_version=&#8221;4.17.6&#8243; _module_preset=&#8221;default&#8221; background_enable_color=&#8221;off&#8221; global_colors_info=&#8221;{}&#8221;][\/et_pb_menu][\/et_pb_column][et_pb_column type=&#8221;1_4&#8243; _builder_version=&#8221;4.17.6&#8243; _module_preset=&#8221;default&#8221; global_colors_info=&#8221;{}&#8221;][et_pb_text _builder_version=&#8221;4.17.6&#8243; _module_preset=&#8221;default&#8221; text_font=&#8221;AvenirLTStd-Roman||||||||&#8221; text_font_size=&#8221;16px&#8221; text_letter_spacing=&#8221;2px&#8221; text_line_height=&#8221;1.9em&#8221; link_font=&#8221;Source Sans Pro||||||||&#8221; link_text_color=&#8221;#FFFFFF&#8221; link_font_size=&#8221;16px&#8221; link_letter_spacing=&#8221;1px&#8221; link_line_height=&#8221;2em&#8221; header_3_font=&#8221;ZapfHumanist601BT-Roman|700|||||||&#8221; header_3_text_color=&#8221;#EDF000&#8243; header_3_letter_spacing=&#8221;2px&#8221; header_3_line_height=&#8221;1.5em&#8221; background_layout=&#8221;dark&#8221; global_colors_info=&#8221;{}&#8221;]<\/p>\n<h3>th\u00f4ng tin li\u00ean h\u1ec7<\/h3>\n<p><strong>Westminster Mega Pawn<\/strong><br \/>\n7095 Westminster Blvd<br \/>\nWestminster, CA 92683[\/et_pb_text][et_pb_text _builder_version=&#8221;4.17.6&#8243; _module_preset=&#8221;default&#8221; text_font=&#8221;AvenirLTStd-Roman||||||||&#8221; text_font_size=&#8221;16px&#8221; text_letter_spacing=&#8221;2px&#8221; text_line_height=&#8221;1.9em&#8221; link_font=&#8221;Source Sans Pro||||||||&#8221; link_text_color=&#8221;#FFFFFF&#8221; link_font_size=&#8221;16px&#8221; link_letter_spacing=&#8221;1px&#8221; link_line_height=&#8221;2em&#8221; header_3_font=&#8221;ZapfHumanist601BT-Roman|700|||||||&#8221; header_3_text_color=&#8221;#EDF000&#8243; header_3_letter_spacing=&#8221;2px&#8221; header_3_line_height=&#8221;1.5em&#8221; background_layout=&#8221;dark&#8221; global_colors_info=&#8221;{}&#8221;]<\/p>\n<h3>Gi\u1edd m\u1edf c\u1eeda<\/h3>\n<p>Th\u1ee9 Hai \u2013 Th\u1ee9 B\u1ea3y: 9 gi\u1edd s\u00e1ng \u2013 6 gi\u1edd chi\u1ec1u<br \/>\nCh\u1ee7 nh\u1eadt: \u0110\u00f3ng c\u1eeda[\/et_pb_text][et_pb_text _builder_version=&#8221;4.17.6&#8243; _module_preset=&#8221;default&#8221; text_font=&#8221;avenir-roman||||||||&#8221; link_font=&#8221;Source Sans Pro||||||||&#8221; link_text_color=&#8221;#FFFFFF&#8221; link_font_size=&#8221;18px&#8221; link_letter_spacing=&#8221;1px&#8221; link_line_height=&#8221;2em&#8221; header_3_font=&#8221;ZapfHumanist601BT-Roman||||||||&#8221; header_3_text_color=&#8221;#EDF000&#8243; header_3_font_size=&#8221;18px&#8221; header_3_letter_spacing=&#8221;2px&#8221; header_3_line_height=&#8221;1.5em&#8221; background_layout=&#8221;dark&#8221; global_colors_info=&#8221;{}&#8221; header_3_letter_spacing__hover_enabled=&#8221;off|desktop&#8221;]<\/p>\n<h3>Tel: <a href=\"tel:714-893-0555\">714-893-0555<\/a><\/h3>\n<h3>Email: <a href=\"mailto:info@westminsterpawn.com\">info@westminsterpawn.com<\/a><\/h3>\n<p>[\/et_pb_text][\/et_pb_column][et_pb_column type=&#8221;1_2&#8243; _builder_version=&#8221;4.17.6&#8243; _module_preset=&#8221;default&#8221; global_colors_info=&#8221;{}&#8221;][et_pb_text _builder_version=&#8221;4.17.6&#8243; _module_preset=&#8221;default&#8221; global_colors_info=&#8221;{}&#8221;]<iframe src=\"https:\/\/www.google.com\/maps\/embed?pb=!1m14!1m8!1m3!1d5578.545959475651!2d-118.0070193952293!3d33.76006445726803!3m2!1i1024!2i768!4f13.1!3m3!1m2!1s0x0%3A0x92a635536b27d5c3!2sWestminster%20Jewelry%20%26%20Loan!5e0!3m2!1sen!2sus!4v1661526936853!5m2!1sen!2sus\" width=\"100%\" height=\"370\" style=\"border: 0;\" allowfullscreen=\"\" loading=\"lazy\" referrerpolicy=\"no-referrer-when-downgrade\"><\/iframe>[\/et_pb_text][\/et_pb_column][\/et_pb_row][\/et_pb_section]<\/p>\n","protected":false},"excerpt":{"rendered":"<p>Li\u00ean h\u1ec7 v\u1edbi ch\u00fang t\u00f4i ngay h\u00f4m nay Westminster Mega Pawn r\u1ea5t c\u1ea3m \u01a1n s\u1ef1 quan t\u00e2m c\u1ee7a qu\u00fd kh\u00e1ch \u0111\u1ed1i v\u1edbi d\u1ecbch v\u1ee5 c\u1ee7a ch\u00fang t\u00f4i. M\u1ee5c ti\u00eau c\u1ee7a ch\u00fang t\u00f4i l\u00e0 cung c\u1ea5p cho t\u1ea5t c\u1ea3 kh\u00e1ch h\u00e0ng m\u1ed9t kho\u1ea3n ti\u1ec1n nhanh ch\u00f3ng v\u00e0 gi\u00e1 c\u1ea3 h\u1ee3p l\u00fd cho c\u00e1c m\u1eb7t h\u00e0ng c\u00f3 [&hellip;]<\/p>\n","protected":false},"author":1,"featured_media":0,"parent":0,"menu_order":0,"comment_status":"closed","ping_status":"closed","template":"","meta":{"_et_pb_use_builder":"on","_et_pb_old_content":"","_et_gb_content_width":"","footnotes":""},"class_list":["post-85","page","type-page","status-publish","hentry"],"yoast_head":"<!-- This site is optimized with the Yoast SEO plugin v27.1.1 - https:\/\/yoast.com\/product\/yoast-seo-wordpress\/ -->\n<title>Contact - Pawn Shop Westminster<\/title>\n<meta name=\"robots\" content=\"index, follow, max-snippet:-1, max-image-preview:large, max-video-preview:-1\" \/>\n<link rel=\"canonical\" href=\"https:\/\/westminsterpawn.com\/vietnamese\/contact\/\" \/>\n<meta property=\"og:locale\" content=\"en_US\" \/>\n<meta property=\"og:type\" content=\"article\" \/>\n<meta property=\"og:title\" content=\"Contact - Pawn Shop Westminster\" \/>\n<meta property=\"og:description\" content=\"Li\u00ean h\u1ec7 v\u1edbi ch\u00fang t\u00f4i ngay h\u00f4m nay Westminster Mega Pawn r\u1ea5t c\u1ea3m \u01a1n s\u1ef1 quan t\u00e2m c\u1ee7a qu\u00fd kh\u00e1ch \u0111\u1ed1i v\u1edbi d\u1ecbch v\u1ee5 c\u1ee7a ch\u00fang t\u00f4i. M\u1ee5c ti\u00eau c\u1ee7a ch\u00fang t\u00f4i l\u00e0 cung c\u1ea5p cho t\u1ea5t c\u1ea3 kh\u00e1ch h\u00e0ng m\u1ed9t kho\u1ea3n ti\u1ec1n nhanh ch\u00f3ng v\u00e0 gi\u00e1 c\u1ea3 h\u1ee3p l\u00fd cho c\u00e1c m\u1eb7t h\u00e0ng c\u00f3 [&hellip;]\" \/>\n<meta property=\"og:url\" content=\"https:\/\/westminsterpawn.com\/vietnamese\/contact\/\" \/>\n<meta property=\"og:site_name\" content=\"Pawn Shop Westminster\" \/>\n<meta property=\"article:modified_time\" content=\"2022-10-07T22:53:33+00:00\" \/>\n<meta name=\"twitter:card\" content=\"summary_large_image\" \/>\n<meta name=\"twitter:label1\" content=\"Est. reading time\" \/>\n\t<meta name=\"twitter:data1\" content=\"2 minutes\" \/>\n<script type=\"application\/ld+json\" class=\"yoast-schema-graph\">{\"@context\":\"https:\/\/schema.org\",\"@graph\":[{\"@type\":\"WebPage\",\"@id\":\"https:\/\/westminsterpawn.com\/vietnamese\/contact\/\",\"url\":\"https:\/\/westminsterpawn.com\/vietnamese\/contact\/\",\"name\":\"Contact - Pawn Shop Westminster\",\"isPartOf\":{\"@id\":\"https:\/\/westminsterpawn.com\/vietnamese\/#website\"},\"datePublished\":\"2022-08-25T15:06:38+00:00\",\"dateModified\":\"2022-10-07T22:53:33+00:00\",\"breadcrumb\":{\"@id\":\"https:\/\/westminsterpawn.com\/vietnamese\/contact\/#breadcrumb\"},\"inLanguage\":\"en-US\",\"potentialAction\":[{\"@type\":\"ReadAction\",\"target\":[\"https:\/\/westminsterpawn.com\/vietnamese\/contact\/\"]}]},{\"@type\":\"BreadcrumbList\",\"@id\":\"https:\/\/westminsterpawn.com\/vietnamese\/contact\/#breadcrumb\",\"itemListElement\":[{\"@type\":\"ListItem\",\"position\":1,\"name\":\"Home\",\"item\":\"https:\/\/westminsterpawn.com\/vietnamese\/\"},{\"@type\":\"ListItem\",\"position\":2,\"name\":\"Contact\"}]},{\"@type\":\"WebSite\",\"@id\":\"https:\/\/westminsterpawn.com\/vietnamese\/#website\",\"url\":\"https:\/\/westminsterpawn.com\/vietnamese\/\",\"name\":\"Pawn Shop Westminster\",\"description\":\"Westminster Jewelry &amp; Loan\",\"potentialAction\":[{\"@type\":\"SearchAction\",\"target\":{\"@type\":\"EntryPoint\",\"urlTemplate\":\"https:\/\/westminsterpawn.com\/vietnamese\/?s={search_term_string}\"},\"query-input\":{\"@type\":\"PropertyValueSpecification\",\"valueRequired\":true,\"valueName\":\"search_term_string\"}}],\"inLanguage\":\"en-US\"}]}<\/script>\n<!-- \/ Yoast SEO plugin. -->","yoast_head_json":{"title":"Contact - Pawn Shop Westminster","robots":{"index":"index","follow":"follow","max-snippet":"max-snippet:-1","max-image-preview":"max-image-preview:large","max-video-preview":"max-video-preview:-1"},"canonical":"https:\/\/westminsterpawn.com\/vietnamese\/contact\/","og_locale":"en_US","og_type":"article","og_title":"Contact - Pawn Shop Westminster","og_description":"Li\u00ean h\u1ec7 v\u1edbi ch\u00fang t\u00f4i ngay h\u00f4m nay Westminster Mega Pawn r\u1ea5t c\u1ea3m \u01a1n s\u1ef1 quan t\u00e2m c\u1ee7a qu\u00fd kh\u00e1ch \u0111\u1ed1i v\u1edbi d\u1ecbch v\u1ee5 c\u1ee7a ch\u00fang t\u00f4i. M\u1ee5c ti\u00eau c\u1ee7a ch\u00fang t\u00f4i l\u00e0 cung c\u1ea5p cho t\u1ea5t c\u1ea3 kh\u00e1ch h\u00e0ng m\u1ed9t kho\u1ea3n ti\u1ec1n nhanh ch\u00f3ng v\u00e0 gi\u00e1 c\u1ea3 h\u1ee3p l\u00fd cho c\u00e1c m\u1eb7t h\u00e0ng c\u00f3 [&hellip;]","og_url":"https:\/\/westminsterpawn.com\/vietnamese\/contact\/","og_site_name":"Pawn Shop Westminster","article_modified_time":"2022-10-07T22:53:33+00:00","twitter_card":"summary_large_image","twitter_misc":{"Est. reading time":"2 minutes"},"schema":{"@context":"https:\/\/schema.org","@graph":[{"@type":"WebPage","@id":"https:\/\/westminsterpawn.com\/vietnamese\/contact\/","url":"https:\/\/westminsterpawn.com\/vietnamese\/contact\/","name":"Contact - Pawn Shop Westminster","isPartOf":{"@id":"https:\/\/westminsterpawn.com\/vietnamese\/#website"},"datePublished":"2022-08-25T15:06:38+00:00","dateModified":"2022-10-07T22:53:33+00:00","breadcrumb":{"@id":"https:\/\/westminsterpawn.com\/vietnamese\/contact\/#breadcrumb"},"inLanguage":"en-US","potentialAction":[{"@type":"ReadAction","target":["https:\/\/westminsterpawn.com\/vietnamese\/contact\/"]}]},{"@type":"BreadcrumbList","@id":"https:\/\/westminsterpawn.com\/vietnamese\/contact\/#breadcrumb","itemListElement":[{"@type":"ListItem","position":1,"name":"Home","item":"https:\/\/westminsterpawn.com\/vietnamese\/"},{"@type":"ListItem","position":2,"name":"Contact"}]},{"@type":"WebSite","@id":"https:\/\/westminsterpawn.com\/vietnamese\/#website","url":"https:\/\/westminsterpawn.com\/vietnamese\/","name":"Pawn Shop Westminster","description":"Westminster Jewelry &amp; Loan","potentialAction":[{"@type":"SearchAction","target":{"@type":"EntryPoint","urlTemplate":"https:\/\/westminsterpawn.com\/vietnamese\/?s={search_term_string}"},"query-input":{"@type":"PropertyValueSpecification","valueRequired":true,"valueName":"search_term_string"}}],"inLanguage":"en-US"}]}},"_links":{"self":[{"href":"https:\/\/westminsterpawn.com\/vietnamese\/wp-json\/wp\/v2\/pages\/85","targetHints":{"allow":["GET"]}}],"collection":[{"href":"https:\/\/westminsterpawn.com\/vietnamese\/wp-json\/wp\/v2\/pages"}],"about":[{"href":"https:\/\/westminsterpawn.com\/vietnamese\/wp-json\/wp\/v2\/types\/page"}],"author":[{"embeddable":true,"href":"https:\/\/westminsterpawn.com\/vietnamese\/wp-json\/wp\/v2\/users\/1"}],"replies":[{"embeddable":true,"href":"https:\/\/westminsterpawn.com\/vietnamese\/wp-json\/wp\/v2\/comments?post=85"}],"version-history":[{"count":25,"href":"https:\/\/westminsterpawn.com\/vietnamese\/wp-json\/wp\/v2\/pages\/85\/revisions"}],"predecessor-version":[{"id":1124,"href":"https:\/\/westminsterpawn.com\/vietnamese\/wp-json\/wp\/v2\/pages\/85\/revisions\/1124"}],"wp:attachment":[{"href":"https:\/\/westminsterpawn.com\/vietnamese\/wp-json\/wp\/v2\/media?parent=85"}],"curies":[{"name":"wp","href":"https:\/\/api.w.org\/{rel}","templated":true}]}}